
{"id":11847,"date":"2024-01-20T12:26:11","date_gmt":"2024-01-20T11:26:11","guid":{"rendered":"https:\/\/www.solarpower24.it\/?post_type=product&#038;p=11847"},"modified":"2026-03-12T15:00:34","modified_gmt":"2026-03-12T14:00:34","slug":"magneto-termico-cc-corrente-continua-feeo-fpv-63-2p-2-polo-63a-250vdc","status":"publish","type":"product","link":"https:\/\/www.solarpower24.it\/?product=magneto-termico-cc-corrente-continua-feeo-fpv-63-2p-2-polo-63a-250vdc","title":{"rendered":"FEEO FPV-63 25A 2P (2 Polo) 550VDC Magneto Termico CC Corrente Continua"},"content":{"rendered":"<h2>Magneto Termico CC Corrente Continua FEEO FPV-63 2P (2 Polo) 25A 550VDC<\/h2>\n<p style=\"margin: 0px auto; padding: 0px; color: #333333; font-family: Calibri, Arial, Helvetica, sans-serif; font-size: 14px; background-color: #ffffff;\"><span style=\"margin: 0px; padding: 0px; font-size: small;\"><span style=\"margin: 0px; padding: 0px; line-height: 32px; font-family: Arial; font-size: 16px;\">FPV-63 2P DC MCB Le protezioni supplementari<\/span><\/span><span style=\"color: #333333; font-family: Arial; font-size: 16px;\">\u00a0<\/span><span style=\"background-color: #fafbfc; font-size: 16px;\"><span style=\"color: #333333; font-family: Arial;\">sono per fornire protezione da sovracorrente all&#8217;interno di apparecchi o apparecchiature elettriche, dove una protezione del circuito derivato \u00e8 gi\u00e0 protetta o non \u00e8 richiesta. I dispositivi sono progettati per applicazioni di circuiti di controllo a corrente continua (CC).<\/span><\/span><\/p>\n<p style=\"margin: 0px auto; padding: 0px; color: #333333; font-family: Calibri, Arial, Helvetica, sans-serif; font-size: 14px; background-color: #ffffff;\"><span style=\"margin: 0px; padding: 0px; font-size: small;\">\u00a0<\/span><\/p>\n<p style=\"margin: 0px auto; padding: 0px; color: #333333; font-family: Calibri, Arial, Helvetica, sans-serif; font-size: 14px; background-color: #ffffff;\"><span style=\"margin: 0px; padding: 0px; font-size: small;\">\u00a0<\/span><\/p>\n<table style=\"margin: 0px; padding: 0px; border-spacing: 0px; border-collapse: collapse; background-color: #ffffff; color: #333333; font-family: Calibri, Arial, Helvetica, sans-serif; font-size: 14px; width: 870px;\" border=\"1\" cellspacing=\"0\" cellpadding=\"0\">\n<tbody style=\"margin: 0px; padding: 0px;\">\n<tr style=\"margin: 0px; padding: 0px;\">\n<td style=\"margin: 0px auto; padding: 0px; font-family: 'aller_lightregular', Arial, Helvetica, sans-serif; font-size: 12px; border: 1pt solid #bfbfbf;\" colspan=\"2\" width=\"57%\">\n<p style=\"margin: 0px auto; padding: 0px; vertical-align: middle;\" align=\"left\"><span style=\"margin: 0px; padding: 0px; line-height: 2; font-family: Arial; font-size: 16px;\">FPV-63 Series Circuit Breaker<\/span><\/p>\n<\/td>\n<td style=\"margin: 0px auto; padding: 0px; font-family: 'aller_lightregular', Arial, Helvetica, sans-serif; font-size: 12px; border: 1pt solid #bfbfbf;\" width=\"42%\">\n<p style=\"margin: 0px auto; padding: 0px; text-align: center; vertical-align: middle;\" align=\"center\"><span style=\"margin: 0px; padding: 0px; line-height: 2; font-family: Arial; font-size: 16px;\">FPV-63<\/span><\/p>\n<\/td>\n<\/tr>\n<tr style=\"margin: 0px; padding: 0px;\">\n<td style=\"margin: 0px auto; padding: 0px; font-family: 'aller_lightregular', Arial, Helvetica, sans-serif; font-size: 12px; border: 1pt solid #bfbfbf;\" colspan=\"2\" width=\"57%\">\n<p style=\"margin: 0px auto; padding: 0px; vertical-align: middle;\" align=\"left\"><span style=\"margin: 0px; padding: 0px; line-height: 2; font-family: Arial; font-size: 16px;\">Frame Degree Rated Current(A)<\/span><\/p>\n<\/td>\n<td style=\"margin: 0px auto; padding: 0px; font-family: 'aller_lightregular', Arial, Helvetica, sans-serif; font-size: 12px; border: 1pt solid #bfbfbf;\" width=\"42%\">\n<p style=\"margin: 0px auto; padding: 0px; text-align: center; vertical-align: middle;\" align=\"center\"><span style=\"margin: 0px; padding: 0px; line-height: 2; font-family: Arial; font-size: 16px;\">63<\/span><\/p>\n<\/td>\n<\/tr>\n<tr style=\"margin: 0px; padding: 0px;\">\n<td style=\"margin: 0px auto; padding: 0px; font-family: 'aller_lightregular', Arial, Helvetica, sans-serif; font-size: 12px; border: 1pt solid #bfbfbf;\" colspan=\"2\" width=\"57%\">\n<p style=\"margin: 0px auto; padding: 0px; vertical-align: middle;\" align=\"left\"><span style=\"margin: 0px; padding: 0px; line-height: 2; font-family: Arial; font-size: 16px;\">Pole<\/span><\/p>\n<\/td>\n<td style=\"margin: 0px auto; padding: 0px; font-family: 'aller_lightregular', Arial, Helvetica, sans-serif; font-size: 12px; border: 1pt solid #bfbfbf;\" width=\"42%\">\n<p style=\"margin: 0px auto; padding: 0px; text-align: center; vertical-align: middle;\" align=\"center\"><span style=\"margin: 0px; padding: 0px; line-height: 2; font-family: Arial; font-size: 16px;\">1P,2P,3P,4P<\/span><\/p>\n<\/td>\n<\/tr>\n<tr style=\"margin: 0px; padding: 0px;\">\n<td style=\"margin: 0px auto; padding: 0px; font-family: 'aller_lightregular', Arial, Helvetica, sans-serif; font-size: 12px; border: 1pt solid #bfbfbf;\" colspan=\"2\" width=\"57%\">\n<p style=\"margin: 0px auto; padding: 0px; vertical-align: middle;\" align=\"left\"><span style=\"margin: 0px; padding: 0px; line-height: 2; font-family: Arial; font-size: 16px;\">Rated Operating Voltage(VDC)<\/span><\/p>\n<\/td>\n<td style=\"margin: 0px auto; padding: 0px; font-family: 'aller_lightregular', Arial, Helvetica, sans-serif; font-size: 12px; border: 1pt solid #bfbfbf;\" width=\"42%\">\n<p style=\"margin: 0px auto; padding: 0px; text-align: center; vertical-align: middle;\" align=\"center\"><span style=\"margin: 0px; padding: 0px; line-height: 2; font-family: Arial; font-size: 16px;\">DC12V-DC1200V<\/span><\/p>\n<\/td>\n<\/tr>\n<tr style=\"margin: 0px; padding: 0px;\">\n<td style=\"margin: 0px auto; padding: 0px; font-family: 'aller_lightregular', Arial, Helvetica, sans-serif; font-size: 12px; border: 1pt solid #bfbfbf;\" colspan=\"2\" width=\"57%\">\n<p style=\"margin: 0px auto; padding: 0px; vertical-align: middle;\" align=\"left\"><span style=\"margin: 0px; padding: 0px; line-height: 2; font-family: Arial; font-size: 16px;\">Rated Current In (A)<\/span><\/p>\n<\/td>\n<td style=\"margin: 0px auto; padding: 0px; font-family: 'aller_lightregular', Arial, Helvetica, sans-serif; font-size: 12px; border: 1pt solid #bfbfbf;\" width=\"42%\">\n<p style=\"margin: 0px auto; padding: 0px; text-align: center; vertical-align: middle;\" align=\"center\"><span style=\"margin: 0px; padding: 0px; line-height: 2; font-family: Arial; font-size: 16px;\">1-63A<\/span><\/p>\n<\/td>\n<\/tr>\n<tr style=\"margin: 0px; padding: 0px;\">\n<td style=\"margin: 0px auto; padding: 0px; font-family: 'aller_lightregular', Arial, Helvetica, sans-serif; font-size: 12px; border: 1pt solid #bfbfbf;\" colspan=\"2\" width=\"57%\">\n<p style=\"margin: 0px auto; padding: 0px; vertical-align: middle;\" align=\"left\"><span style=\"margin: 0px; padding: 0px; line-height: 2; font-family: Arial; font-size: 16px;\">Rated Insulation Voltage Ui (VDC)<\/span><\/p>\n<\/td>\n<td style=\"margin: 0px auto; padding: 0px; font-family: 'aller_lightregular', Arial, Helvetica, sans-serif; font-size: 12px; border: 1pt solid #bfbfbf;\" width=\"42%\">\n<p style=\"margin: 0px auto; padding: 0px; text-align: center; vertical-align: middle;\" align=\"center\"><span style=\"margin: 0px; padding: 0px; line-height: 2; font-family: Arial; font-size: 16px;\">1200VDC<\/span><\/p>\n<\/td>\n<\/tr>\n<tr style=\"margin: 0px; padding: 0px;\">\n<td style=\"margin: 0px auto; padding: 0px; font-family: 'aller_lightregular', Arial, Helvetica, sans-serif; font-size: 12px; border: 1pt solid #bfbfbf;\" colspan=\"2\" width=\"57%\">\n<p style=\"margin: 0px auto; padding: 0px; vertical-align: middle;\" align=\"left\"><span style=\"margin: 0px; padding: 0px; line-height: 2; font-family: Arial; font-size: 16px;\">Rated Impact Voltage Uimp (KV)<\/span><\/p>\n<\/td>\n<td style=\"margin: 0px auto; padding: 0px; font-family: 'aller_lightregular', Arial, Helvetica, sans-serif; font-size: 12px; border: 1pt solid #bfbfbf;\" width=\"42%\">\n<p style=\"margin: 0px auto; padding: 0px; text-align: center; vertical-align: middle;\" align=\"center\"><span style=\"margin: 0px; padding: 0px; line-height: 2; font-family: Arial; font-size: 16px;\">4<\/span><\/p>\n<\/td>\n<\/tr>\n<tr style=\"margin: 0px; padding: 0px;\">\n<td style=\"margin: 0px auto; padding: 0px; font-family: 'aller_lightregular', Arial, Helvetica, sans-serif; font-size: 12px; border: 1pt solid #bfbfbf;\" colspan=\"2\" width=\"57%\">\n<p style=\"margin: 0px auto; padding: 0px; vertical-align: middle;\" align=\"left\"><span style=\"margin: 0px; padding: 0px; line-height: 2; font-family: Arial; font-size: 16px;\">Ultimate Breaking Capacity Icu (KA)<\/span><\/p>\n<\/td>\n<td style=\"margin: 0px auto; padding: 0px; font-family: 'aller_lightregular', Arial, Helvetica, sans-serif; font-size: 12px; border: 1pt solid #bfbfbf;\" width=\"42%\">\n<p style=\"margin: 0px auto; padding: 0px; text-align: center; vertical-align: middle;\" align=\"center\"><span style=\"margin: 0px; padding: 0px; line-height: 2; font-family: Arial; font-size: 16px;\">6<\/span><\/p>\n<\/td>\n<\/tr>\n<tr style=\"margin: 0px; padding: 0px;\">\n<td style=\"margin: 0px auto; padding: 0px; font-family: 'aller_lightregular', Arial, Helvetica, sans-serif; font-size: 12px; border: 1pt solid #bfbfbf;\" colspan=\"2\" width=\"57%\">\n<p style=\"margin: 0px auto; padding: 0px; vertical-align: middle;\" align=\"left\"><span style=\"margin: 0px; padding: 0px; line-height: 2; font-family: Arial; font-size: 16px;\">Run Breaking Capacity Ics (%Icu)<\/span><\/p>\n<\/td>\n<td style=\"margin: 0px auto; padding: 0px; font-family: 'aller_lightregular', Arial, Helvetica, sans-serif; font-size: 12px; border: 1pt solid #bfbfbf;\" width=\"42%\">\n<p style=\"margin: 0px auto; padding: 0px; text-align: center; vertical-align: middle;\" align=\"center\"><span style=\"margin: 0px; padding: 0px; line-height: 2; font-family: Arial; font-size: 16px;\">75%<\/span><\/p>\n<\/td>\n<\/tr>\n<tr style=\"margin: 0px; padding: 0px;\">\n<td style=\"margin: 0px auto; padding: 0px; font-family: 'aller_lightregular', Arial, Helvetica, sans-serif; font-size: 12px; border: 1pt solid #bfbfbf;\" colspan=\"2\" width=\"57%\">\n<p style=\"margin: 0px auto; padding: 0px; vertical-align: middle;\" align=\"left\"><span style=\"margin: 0px; padding: 0px; line-height: 2; font-family: Arial; font-size: 16px;\">Curve Type<\/span><\/p>\n<\/td>\n<td style=\"margin: 0px auto; padding: 0px; font-family: 'aller_lightregular', Arial, Helvetica, sans-serif; font-size: 12px; border: 1pt solid #bfbfbf;\" width=\"42%\">\n<p style=\"margin: 0px auto; padding: 0px; text-align: center; vertical-align: middle;\" align=\"center\"><span style=\"margin: 0px; padding: 0px; line-height: 2; font-family: Arial; font-size: 16px;\">C<\/span><\/p>\n<\/td>\n<\/tr>\n<tr style=\"margin: 0px; padding: 0px;\">\n<td style=\"margin: 0px auto; padding: 0px; font-family: 'aller_lightregular', Arial, Helvetica, sans-serif; font-size: 12px; border: 1pt solid #bfbfbf;\" colspan=\"2\" width=\"57%\">\n<p style=\"margin: 0px auto; padding: 0px; vertical-align: middle;\" align=\"left\"><span style=\"margin: 0px; padding: 0px; line-height: 2; font-family: Arial; font-size: 16px;\">Trip Type<\/span><\/p>\n<\/td>\n<td style=\"margin: 0px auto; padding: 0px; font-family: 'aller_lightregular', Arial, Helvetica, sans-serif; font-size: 12px; border: 1pt solid #bfbfbf;\" width=\"42%\">\n<p style=\"margin: 0px auto; padding: 0px; text-align: center; vertical-align: middle;\" align=\"center\"><span style=\"margin: 0px; padding: 0px; line-height: 2; font-family: Arial; font-size: 16px;\">Thermal-magnetic<\/span><\/p>\n<\/td>\n<\/tr>\n<tr style=\"margin: 0px; padding: 0px;\">\n<td style=\"margin: 0px auto; padding: 0px; font-family: 'aller_lightregular', Arial, Helvetica, sans-serif; font-size: 12px; border: 1pt solid #bfbfbf;\" rowspan=\"2\" width=\"25%\">\n<p style=\"margin: 0px auto; padding: 0px; vertical-align: middle;\" align=\"left\"><span style=\"margin: 0px; padding: 0px; line-height: 2; font-family: Arial; font-size: 16px;\">Mechanical<\/span><\/p>\n<\/td>\n<td style=\"margin: 0px auto; padding: 0px; font-family: 'aller_lightregular', Arial, Helvetica, sans-serif; font-size: 12px; border: 1pt solid #bfbfbf;\" width=\"32%\">\n<p style=\"margin: 0px auto; padding: 0px; vertical-align: middle;\" align=\"left\"><span style=\"margin: 0px; padding: 0px; line-height: 2; font-family: Arial; font-size: 16px;\">Actual average value<\/span><\/p>\n<\/td>\n<td style=\"margin: 0px auto; padding: 0px; font-family: 'aller_lightregular', Arial, Helvetica, sans-serif; font-size: 12px; border: 1pt solid #bfbfbf;\" width=\"42%\">\n<p style=\"margin: 0px auto; padding: 0px; text-align: center; vertical-align: middle;\" align=\"center\"><span style=\"margin: 0px; padding: 0px; line-height: 2; font-family: Arial; font-size: 16px;\">20000<\/span><\/p>\n<\/td>\n<\/tr>\n<tr style=\"margin: 0px; padding: 0px;\">\n<td style=\"margin: 0px auto; padding: 0px; font-family: 'aller_lightregular', Arial, Helvetica, sans-serif; font-size: 12px; border: 1pt solid #bfbfbf;\" width=\"32%\">\n<p style=\"margin: 0px auto; padding: 0px; vertical-align: middle;\" align=\"left\"><span style=\"margin: 0px; padding: 0px; line-height: 2; font-family: Arial; font-size: 16px;\">Standard<\/span><\/p>\n<\/td>\n<td style=\"margin: 0px auto; padding: 0px; font-family: 'aller_lightregular', Arial, Helvetica, sans-serif; font-size: 12px; border: 1pt solid #bfbfbf;\" width=\"42%\">\n<p style=\"margin: 0px auto; padding: 0px; text-align: center; vertical-align: middle;\" align=\"center\"><span style=\"margin: 0px; padding: 0px; line-height: 2; font-family: Arial; font-size: 16px;\">8500<\/span><\/p>\n<\/td>\n<\/tr>\n<tr style=\"margin: 0px; padding: 0px;\">\n<td style=\"margin: 0px auto; padding: 0px; font-family: 'aller_lightregular', Arial, Helvetica, sans-serif; font-size: 12px; border: 1pt solid #bfbfbf;\" rowspan=\"3\" width=\"25%\">\n<p style=\"margin: 0px auto; padding: 0px; vertical-align: middle;\" align=\"left\"><span style=\"margin: 0px; padding: 0px; line-height: 2; font-family: Arial; font-size: 16px;\">Electric<\/span><\/p>\n<\/td>\n<td style=\"margin: 0px auto; padding: 0px; font-family: 'aller_lightregular', Arial, Helvetica, sans-serif; font-size: 12px; border: 1pt solid #bfbfbf;\" width=\"32%\">\n<p style=\"margin: 0px auto; padding: 0px; vertical-align: middle;\" align=\"left\"><span style=\"margin: 0px; padding: 0px; line-height: 2; font-family: Arial; font-size: 16px;\">Actual average value<\/span><\/p>\n<\/td>\n<td style=\"margin: 0px auto; padding: 0px; font-family: 'aller_lightregular', Arial, Helvetica, sans-serif; font-size: 12px; border: 1pt solid #bfbfbf;\" width=\"42%\">\n<p style=\"margin: 0px auto; padding: 0px; text-align: center; vertical-align: middle;\" align=\"center\"><span style=\"margin: 0px; padding: 0px; line-height: 2; font-family: Arial; font-size: 16px;\">2500<\/span><\/p>\n<\/td>\n<\/tr>\n<tr style=\"margin: 0px; padding: 0px;\">\n<td style=\"margin: 0px auto; padding: 0px; font-family: 'aller_lightregular', Arial, Helvetica, sans-serif; font-size: 12px; border: 1pt solid #bfbfbf;\" width=\"32%\"><\/td>\n<td style=\"margin: 0px auto; padding: 0px; font-family: 'aller_lightregular', Arial, Helvetica, sans-serif; font-size: 12px; border: 1pt solid #bfbfbf;\" width=\"42%\"><\/td>\n<\/tr>\n<tr style=\"margin: 0px; padding: 0px;\">\n<td style=\"margin: 0px auto; padding: 0px; font-family: 'aller_lightregular', Arial, Helvetica, sans-serif; font-size: 12px; border: 1pt solid #bfbfbf;\" width=\"32%\">\n<p style=\"margin: 0px auto; padding: 0px; vertical-align: middle;\" align=\"left\"><span style=\"margin: 0px; padding: 0px; line-height: 2; font-family: Arial; font-size: 16px;\">Standard<\/span><\/p>\n<\/td>\n<td style=\"margin: 0px auto; padding: 0px; font-family: 'aller_lightregular', Arial, Helvetica, sans-serif; font-size: 12px; border: 1pt solid #bfbfbf;\" width=\"42%\">\n<p style=\"margin: 0px auto; padding: 0px; text-align: center; vertical-align: middle;\" align=\"center\"><span style=\"margin: 0px; padding: 0px; line-height: 2; font-family: Arial; font-size: 16px;\">1500<\/span><\/p>\n<p><span style=\"margin: 0px; padding: 0px; line-height: 2; font-family: Arial; font-size: 16px;\">\u00a0<\/span><\/td>\n<\/tr>\n<\/tbody>\n<\/table>\n<h2><\/h2>\n","protected":false},"excerpt":{"rendered":"<p>Magneto Termico CC Corrente Continua FEEO FPV-63 2P (2 Polo) 25A 550VDC FPV-63 2P DC MCB Le protezioni supplementari\u00a0sono per fornire protezione da sovracorrente all&#8217;interno di apparecchi o apparecchiature elettriche, dove una protezione del circuito derivato \u00e8 gi\u00e0 protetta o non \u00e8 richiesta. I dispositivi sono progettati per applicazioni di circuiti di controllo a corrente [&hellip;]<\/p>\n","protected":false},"featured_media":16553,"comment_status":"closed","ping_status":"closed","template":"","meta":{"_themeisle_gutenberg_block_has_review":false},"product_brand":[],"product_cat":[64,353],"product_tag":[],"class_list":{"0":"post-11847","1":"product","2":"type-product","3":"status-publish","4":"has-post-thumbnail","6":"product_cat-accessori","7":"product_cat-magneto-termici-cc-corrente-continua","8":"pa_aliquota-iva-474","9":"pa_aliquota-iva-475","11":"first","12":"instock","13":"taxable","14":"shipping-taxable","15":"purchasable","16":"product-type-variable","17":"has-default-attributes"},"_links":{"self":[{"href":"https:\/\/www.solarpower24.it\/index.php?rest_route=\/wp\/v2\/product\/11847","targetHints":{"allow":["GET"]}}],"collection":[{"href":"https:\/\/www.solarpower24.it\/index.php?rest_route=\/wp\/v2\/product"}],"about":[{"href":"https:\/\/www.solarpower24.it\/index.php?rest_route=\/wp\/v2\/types\/product"}],"replies":[{"embeddable":true,"href":"https:\/\/www.solarpower24.it\/index.php?rest_route=%2Fwp%2Fv2%2Fcomments&post=11847"}],"wp:featuredmedia":[{"embeddable":true,"href":"https:\/\/www.solarpower24.it\/index.php?rest_route=\/wp\/v2\/media\/16553"}],"wp:attachment":[{"href":"https:\/\/www.solarpower24.it\/index.php?rest_route=%2Fwp%2Fv2%2Fmedia&parent=11847"}],"wp:term":[{"taxonomy":"product_brand","embeddable":true,"href":"https:\/\/www.solarpower24.it\/index.php?rest_route=%2Fwp%2Fv2%2Fproduct_brand&post=11847"},{"taxonomy":"product_cat","embeddable":true,"href":"https:\/\/www.solarpower24.it\/index.php?rest_route=%2Fwp%2Fv2%2Fproduct_cat&post=11847"},{"taxonomy":"product_tag","embeddable":true,"href":"https:\/\/www.solarpower24.it\/index.php?rest_route=%2Fwp%2Fv2%2Fproduct_tag&post=11847"}],"curies":[{"name":"wp","href":"https:\/\/api.w.org\/{rel}","templated":true}]}}